{"id":21,"date":"2021-04-09T18:56:57","date_gmt":"2021-04-09T18:56:57","guid":{"rendered":"http:\/\/plusmedivf.com\/?page_id=21"},"modified":"2023-06-09T07:02:07","modified_gmt":"2023-06-09T05:02:07","slug":"contacts","status":"publish","type":"page","link":"https:\/\/plusmedivf.com\/sk\/contacts\/","title":{"rendered":"Kontakty"},"content":{"rendered":"<div class=\"fusion-fullwidth fullwidth-box fusion-builder-row-1 fusion-flex-container nonhundred-percent-fullwidth non-hundred-percent-height-scrolling\" style=\"--awb-border-radius-top-left:0px;--awb-border-radius-top-right:0px;--awb-border-radius-bottom-right:0px;--awb-border-radius-bottom-left:0px;--awb-flex-wrap:wrap;\" ><div class=\"fusion-builder-row fusion-row fusion-flex-align-items-flex-start fusion-flex-justify-content-center fusion-flex-content-wrap\" style=\"max-width:1310.4px;margin-left: calc(-4% \/ 2 );margin-right: calc(-4% \/ 2 );\"><div class=\"fusion-layout-column fusion_builder_column fusion-builder-column-0 fusion_builder_column_1_1 1_1 fusion-flex-column\" style=\"--awb-bg-size:cover;--awb-width-large:100%;--awb-margin-top-large:0px;--awb-spacing-right-large:1.92%;--awb-margin-bottom-large:25px;--awb-spacing-left-large:1.92%;--awb-width-medium:100%;--awb-order-medium:0;--awb-spacing-right-medium:1.92%;--awb-spacing-left-medium:1.92%;--awb-width-small:100%;--awb-order-small:0;--awb-spacing-right-small:1.92%;--awb-spacing-left-small:1.92%;\"><div class=\"fusion-column-wrapper fusion-column-has-shadow fusion-flex-justify-content-flex-start fusion-content-layout-column\"><div class=\"fusion-content-boxes content-boxes columns row fusion-columns-2 fusion-columns-total-4 fusion-content-boxes-1 content-boxes-icon-on-top content-left\" style=\"--awb-body-color:#000000;--awb-title-color:#1b3864;--awb-margin-top:0px;--awb-margin-bottom:0px;--awb-hover-accent-color:#1b3864;--awb-circle-hover-accent-color:transparent;\" data-animationoffset=\"top-into-view\"><div style=\"--awb-backgroundcolor:#f9f9f9;--awb-iconcolor:#1b3864;\" class=\"fusion-column content-box-column content-box-column content-box-column-1 col-lg-6 col-md-6 col-sm-6 fusion-content-box-hover content-box-column-first-in-row\"><div class=\"col content-box-wrapper content-wrapper-background link-area-link-icon link-type-text icon-hover-animation-fade\" data-animationoffset=\"top-into-view\"><div class=\"heading heading-with-icon icon-left\"><a class=\"heading-link\" href=\"mailto:plusmed.ivf@gmail.com\" target=\"_self\"><div class=\"icon\"><i style=\"background-color:transparent;border-color:transparent;height:auto;width: 35px;line-height:normal;font-size:35px;\" aria-hidden=\"true\" class=\"fontawesome-icon fa-at fas circle-no\"><\/i><\/div><h2 class=\"content-box-heading fusion-responsive-typography-calculated\" style=\"--h2_typography-font-size:24px;--fontSize:24;line-height:1.3;\">EMAIL<\/h2><\/a><\/div><div class=\"fusion-clearfix\"><\/div><div class=\"content-container\">\n<p><a href=\"mailto:plusmed.ivf@gmail.com\">plusmed.ivf@gmail.com<\/a><\/p>\n<\/div><\/div><\/div><div style=\"--awb-backgroundcolor:#f9f9f9;--awb-iconcolor:#1b3864;\" class=\"fusion-column content-box-column content-box-column content-box-column-2 col-lg-6 col-md-6 col-sm-6 fusion-content-box-hover content-box-column-last-in-row\"><div class=\"col content-box-wrapper content-wrapper-background link-area-link-icon link-type-text icon-hover-animation-fade\" data-animationoffset=\"top-into-view\"><div class=\"heading heading-with-icon icon-left\"><a class=\"heading-link\" href=\"https:\/\/goo.gl\/maps\/bBmGZpPFRYdbcg3J6\" target=\"_blank\" rel=\"noopener noreferrer\"><div class=\"icon\"><i style=\"background-color:transparent;border-color:transparent;height:auto;width: 35px;line-height:normal;font-size:35px;\" aria-hidden=\"true\" class=\"fontawesome-icon fa-map-marker-alt fas circle-no\"><\/i><\/div><h2 class=\"content-box-heading fusion-responsive-typography-calculated\" style=\"--h2_typography-font-size:24px;--fontSize:24;line-height:1.3;\">POLOHA<\/h2><\/a><\/div><div class=\"fusion-clearfix\"><\/div><div class=\"content-container\">\n<p><a href=\"https:\/\/goo.gl\/maps\/bBmGZpPFRYdbcg3J6\" target=\"_blank\" rel=\"noopener\">U\u017ehorod, Ukrajina<\/a><\/p>\n<\/div><\/div><\/div><div style=\"--awb-backgroundcolor:#f9f9f9;--awb-iconcolor:#1b3864;\" class=\"fusion-column content-box-column content-box-column content-box-column-3 col-lg-6 col-md-6 col-sm-6 fusion-content-box-hover content-box-column-first-in-row\"><div class=\"col content-box-wrapper content-wrapper-background link-area-link-icon link-type-text icon-hover-animation-fade\" data-animationoffset=\"top-into-view\"><div class=\"heading heading-with-icon icon-left\"><a class=\"heading-link\" href=\"https:\/\/plusmed.ua\" target=\"_blank\" rel=\"noopener noreferrer\"><div aria-hidden=\"true\" class=\"image\"><img decoding=\"async\" src=\"http:\/\/plusmedivf.com\/wp-content\/uploads\/2023\/06\/logo-91.png\" width=\"35\" height=\"35.77\" alt=\"\"><\/div><h2 class=\"content-box-heading fusion-responsive-typography-calculated\" style=\"--h2_typography-font-size:24px;--fontSize:24;line-height:1.3;\">PLUSMED UKRAJINA<\/h2><\/a><\/div><div class=\"fusion-clearfix\"><\/div><div class=\"content-container\">\n<p><a href=\"https:\/\/plusmed.ua\" target=\"_blank\" rel=\"noopener\">Ukrajinsk\u00e1 pobo\u010dka Plusmedu<\/a><\/p>\n<\/div><\/div><\/div><div style=\"--awb-backgroundcolor:#cbba9e;--awb-iconcolor:#ffffff;\" class=\"fusion-column content-box-column content-box-column content-box-column-4 col-lg-6 col-md-6 col-sm-6 fusion-content-box-hover content-box-column-last content-box-column-last-in-row\"><div class=\"col content-box-wrapper content-wrapper-background link-area-link-icon icon-hover-animation-fade\" data-animationoffset=\"top-into-view\"><div class=\"heading heading-with-icon icon-left\"><div class=\"icon\"><i style=\"background-color:transparent;border-color:transparent;height:auto;width: 35px;line-height:normal;font-size:35px;\" aria-hidden=\"true\" class=\"fontawesome-icon fa-envelope fas circle-no\"><\/i><\/div><h2 class=\"content-box-heading fusion-responsive-typography-calculated\" style=\"--h2_typography-font-size:24px;--fontSize:24;line-height:1.3;\">KONTAKTUJTE SA<\/h2><\/div><div class=\"fusion-clearfix\"><\/div><div class=\"content-container\"><span style=\"color: #ffffff;\"><a class=\"get-in-touch\" style=\"color: #ffffff;\" href=\"#\">Po\u0161lite \u017eiados\u0165<\/a><\/span><\/div><\/div><\/div><div class=\"fusion-clearfix\"><\/div><\/div><\/div><\/div><\/div><\/div>","protected":false},"excerpt":{"rendered":"","protected":false},"author":1,"featured_media":0,"parent":0,"menu_order":0,"comment_status":"closed","ping_status":"closed","template":"100-width.php","meta":{"_acf_changed":false,"inline_featured_image":false,"footnotes":""},"class_list":["post-21","page","type-page","status-publish","hentry"],"acf":[],"_links":{"self":[{"href":"https:\/\/plusmedivf.com\/sk\/wp-json\/wp\/v2\/pages\/21"}],"collection":[{"href":"https:\/\/plusmedivf.com\/sk\/wp-json\/wp\/v2\/pages"}],"about":[{"href":"https:\/\/plusmedivf.com\/sk\/wp-json\/wp\/v2\/types\/page"}],"author":[{"embeddable":true,"href":"https:\/\/plusmedivf.com\/sk\/wp-json\/wp\/v2\/users\/1"}],"replies":[{"embeddable":true,"href":"https:\/\/plusmedivf.com\/sk\/wp-json\/wp\/v2\/comments?post=21"}],"version-history":[{"count":35,"href":"https:\/\/plusmedivf.com\/sk\/wp-json\/wp\/v2\/pages\/21\/revisions"}],"predecessor-version":[{"id":2630,"href":"https:\/\/plusmedivf.com\/sk\/wp-json\/wp\/v2\/pages\/21\/revisions\/2630"}],"wp:attachment":[{"href":"https:\/\/plusmedivf.com\/sk\/wp-json\/wp\/v2\/media?parent=21"}],"curies":[{"name":"wp","href":"https:\/\/api.w.org\/{rel}","templated":true}]}}